{"id":121,"date":"2020-06-26T23:14:59","date_gmt":"2020-06-26T23:14:59","guid":{"rendered":"https:\/\/marcellotunasi.org\/?page_id=121"},"modified":"2025-01-30T23:05:29","modified_gmt":"2025-01-30T23:05:29","slug":"a-propos","status":"publish","type":"page","link":"https:\/\/marcellotunasi.org\/en\/a-propos\/","title":{"rendered":"About us"},"content":{"rendered":"<div data-elementor-type=\"wp-page\" data-elementor-id=\"121\" class=\"elementor elementor-121\" data-elementor-post-type=\"page\">\n\t\t\t\t\t\t<section class=\"elementor-section elementor-top-section elementor-element elementor-element-17079b31 elementor-section-full_width elementor-section-height-default elementor-section-height-default\" data-id=\"17079b31\" data-element_type=\"section\">\n\t\t\t\t\t\t<div class=\"elementor-container elementor-column-gap-default\">\n\t\t\t\t\t<div class=\"elementor-column elementor-col-100 elementor-top-column elementor-element elementor-element-1490ee2c\" data-id=\"1490ee2c\" data-element_type=\"column\">\n\t\t\t<div class=\"elementor-widget-wrap elementor-element-populated\">\n\t\t\t\t\t\t<div class=\"elementor-element elementor-element-6c1f9fb5 elementor-widget elementor-widget-spacer\" data-id=\"6c1f9fb5\" data-element_type=\"widget\" data-widget_type=\"spacer.default\">\n\t\t\t\t<div class=\"elementor-widget-container\">\n\t\t\t\t\t\t\t<div class=\"elementor-spacer\">\n\t\t\t<div class=\"elementor-spacer-inner\"><\/div>\n\t\t<\/div>\n\t\t\t\t\t\t<\/div>\n\t\t\t\t<\/div>\n\t\t\t\t<section class=\"elementor-section elementor-inner-section elementor-element elementor-element-357b4a01 elementor-section-height-min-height elementor-section-boxed elementor-section-height-default\" data-id=\"357b4a01\" data-element_type=\"section\" data-settings=\"{&quot;background_background&quot;:&quot;classic&quot;}\">\n\t\t\t\t\t\t<div class=\"elementor-container elementor-column-gap-default\">\n\t\t\t\t\t<div class=\"elementor-column elementor-col-50 elementor-inner-column elementor-element elementor-element-53218ded\" data-id=\"53218ded\" data-element_type=\"column\" data-settings=\"{&quot;background_background&quot;:&quot;classic&quot;}\">\n\t\t\t<div class=\"elementor-widget-wrap elementor-element-populated\">\n\t\t\t\t\t\t<div class=\"elementor-element elementor-element-1543e0c2 elementor-widget elementor-widget-spacer\" data-id=\"1543e0c2\" data-element_type=\"widget\" data-widget_type=\"spacer.default\">\n\t\t\t\t<div class=\"elementor-widget-container\">\n\t\t\t\t\t\t\t<div class=\"elementor-spacer\">\n\t\t\t<div class=\"elementor-spacer-inner\"><\/div>\n\t\t<\/div>\n\t\t\t\t\t\t<\/div>\n\t\t\t\t<\/div>\n\t\t\t\t<div class=\"elementor-element elementor-element-430455a6 elementor-widget elementor-widget-heading\" data-id=\"430455a6\" data-element_type=\"widget\" data-widget_type=\"heading.default\">\n\t\t\t\t<div class=\"elementor-widget-container\">\n\t\t\t\t\t<h2 class=\"elementor-heading-title elementor-size-default\">Pastor Marcello Tunasi<\/h2>\t\t\t\t<\/div>\n\t\t\t\t<\/div>\n\t\t\t\t<div class=\"elementor-element elementor-element-6e5a75a0 elementor-widget elementor-widget-heading\" data-id=\"6e5a75a0\" data-element_type=\"widget\" data-widget_type=\"heading.default\">\n\t\t\t\t<div class=\"elementor-widget-container\">\n\t\t\t\t\t<h2 class=\"elementor-heading-title elementor-size-default\">Founder and Senior Pastor of the C.R.E.F.M. Community<\/h2>\t\t\t\t<\/div>\n\t\t\t\t<\/div>\n\t\t\t\t\t<\/div>\n\t\t<\/div>\n\t\t\t\t<div class=\"elementor-column elementor-col-50 elementor-inner-column elementor-element elementor-element-3bdcb400\" data-id=\"3bdcb400\" data-element_type=\"column\">\n\t\t\t<div class=\"elementor-widget-wrap\">\n\t\t\t\t\t\t\t<\/div>\n\t\t<\/div>\n\t\t\t\t\t<\/div>\n\t\t<\/section>\n\t\t\t\t\t<\/div>\n\t\t<\/div>\n\t\t\t\t\t<\/div>\n\t\t<\/section>\n\t\t\t\t<section class=\"elementor-section elementor-top-section elementor-element elementor-element-64920f41 elementor-section-boxed elementor-section-height-default elementor-section-height-default\" data-id=\"64920f41\" data-element_type=\"section\">\n\t\t\t\t\t\t<div class=\"elementor-container elementor-column-gap-wider\">\n\t\t\t\t\t<div class=\"elementor-column elementor-col-50 elementor-top-column elementor-element elementor-element-39602cc8\" data-id=\"39602cc8\" data-element_type=\"column\">\n\t\t\t<div class=\"elementor-widget-wrap elementor-element-populated\">\n\t\t\t\t\t\t<div class=\"elementor-element elementor-element-b428fe7 elementor-widget elementor-widget-spacer\" data-id=\"b428fe7\" data-element_type=\"widget\" data-widget_type=\"spacer.default\">\n\t\t\t\t<div class=\"elementor-widget-container\">\n\t\t\t\t\t\t\t<div class=\"elementor-spacer\">\n\t\t\t<div class=\"elementor-spacer-inner\"><\/div>\n\t\t<\/div>\n\t\t\t\t\t\t<\/div>\n\t\t\t\t<\/div>\n\t\t\t\t<div class=\"elementor-element elementor-element-b54b31c elementor-widget-divider--view-line elementor-widget elementor-widget-divider\" data-id=\"b54b31c\" data-element_type=\"widget\" data-widget_type=\"divider.default\">\n\t\t\t\t<div class=\"elementor-widget-container\">\n\t\t\t\t\t\t\t<div class=\"elementor-divider\">\n\t\t\t<span class=\"elementor-divider-separator\">\n\t\t\t\t\t\t<\/span>\n\t\t<\/div>\n\t\t\t\t\t\t<\/div>\n\t\t\t\t<\/div>\n\t\t\t\t<div class=\"elementor-element elementor-element-547549dd elementor-widget elementor-widget-heading\" data-id=\"547549dd\" data-element_type=\"widget\" data-widget_type=\"heading.default\">\n\t\t\t\t<div class=\"elementor-widget-container\">\n\t\t\t\t\t<h2 class=\"elementor-heading-title elementor-size-default\">Biography<\/h2>\t\t\t\t<\/div>\n\t\t\t\t<\/div>\n\t\t\t\t<div class=\"elementor-element elementor-element-2eded39b elementor-widget elementor-widget-text-editor\" data-id=\"2eded39b\" data-element_type=\"widget\" data-widget_type=\"text-editor.default\">\n\t\t\t\t<div class=\"elementor-widget-container\">\n\t\t\t\t\t\t\t\t\t<p>Marcello J\u00e9r\u00e9mie TUNASI was converted in 1990 following an apparition of Jesus Christ.<\/p><p>In 1996 he received his call to the ministry. In 1998, he became the Senior Pastor of La Compassion Church in Kinshasa, Democratic Republic of Congo. In 2009, he founded the CREFM community (*Centre d'Evang\u00e9lisation, de Formation et de Mission) based on the values of Love, Holiness, Power and Balance in Jesus Christ who counts. The CREFM has to date about fifty Extensions working in Africa, Europe and Canada.<\/p><p>He is passionate about new technologies, which he has been using to good effect for several years to teach, preach and evangelise beyond the borders of the DRC and Africa.<\/p>\t\t\t\t\t\t\t\t<\/div>\n\t\t\t\t<\/div>\n\t\t\t\t\t<\/div>\n\t\t<\/div>\n\t\t\t\t<div class=\"elementor-column elementor-col-50 elementor-top-column elementor-element elementor-element-374ea4df\" data-id=\"374ea4df\" data-element_type=\"column\" data-settings=\"{&quot;background_background&quot;:&quot;classic&quot;}\">\n\t\t\t<div class=\"elementor-widget-wrap elementor-element-populated\">\n\t\t\t\t\t\t<div class=\"elementor-element elementor-element-1e22ae6 elementor-widget elementor-widget-image\" data-id=\"1e22ae6\" data-element_type=\"widget\" data-widget_type=\"image.default\">\n\t\t\t\t<div class=\"elementor-widget-container\">\n\t\t\t\t\t\t\t\t\t\t\t\t\t\t\t<img fetchpriority=\"high\" decoding=\"async\" width=\"800\" height=\"534\" src=\"https:\/\/marcellotunasi.org\/wp-content\/uploads\/2023\/06\/310920819_657216305772862_1103372647955519909_n-1024x683.webp\" class=\"attachment-large size-large wp-image-1457\" alt=\"\" srcset=\"https:\/\/marcellotunasi.org\/wp-content\/uploads\/2023\/06\/310920819_657216305772862_1103372647955519909_n-1024x683.webp 1024w, https:\/\/marcellotunasi.org\/wp-content\/uploads\/2023\/06\/310920819_657216305772862_1103372647955519909_n-300x200.webp 300w, https:\/\/marcellotunasi.org\/wp-content\/uploads\/2023\/06\/310920819_657216305772862_1103372647955519909_n-768x512.webp 768w, https:\/\/marcellotunasi.org\/wp-content\/uploads\/2023\/06\/310920819_657216305772862_1103372647955519909_n-391x260.webp 391w, https:\/\/marcellotunasi.org\/wp-content\/uploads\/2023\/06\/310920819_657216305772862_1103372647955519909_n-18x12.webp 18w, https:\/\/marcellotunasi.org\/wp-content\/uploads\/2023\/06\/310920819_657216305772862_1103372647955519909_n.webp 1440w\" sizes=\"(max-width: 800px) 100vw, 800px\" \/>\t\t\t\t\t\t\t\t\t\t\t\t\t\t\t<\/div>\n\t\t\t\t<\/div>\n\t\t\t\t\t<\/div>\n\t\t<\/div>\n\t\t\t\t\t<\/div>\n\t\t<\/section>\n\t\t\t\t<section class=\"elementor-section elementor-top-section elementor-element elementor-element-cf064d5 elementor-section-boxed elementor-section-height-default elementor-section-height-default\" data-id=\"cf064d5\" data-element_type=\"section\">\n\t\t\t\t\t\t<div class=\"elementor-container elementor-column-gap-wider\">\n\t\t\t\t\t<div class=\"elementor-column elementor-col-50 elementor-top-column elementor-element elementor-element-e216ae4\" data-id=\"e216ae4\" data-element_type=\"column\" data-settings=\"{&quot;background_background&quot;:&quot;classic&quot;}\">\n\t\t\t<div class=\"elementor-widget-wrap elementor-element-populated\">\n\t\t\t\t\t\t<div class=\"elementor-element elementor-element-21647c3 elementor-widget elementor-widget-image\" data-id=\"21647c3\" data-element_type=\"widget\" data-widget_type=\"image.default\">\n\t\t\t\t<div class=\"elementor-widget-container\">\n\t\t\t\t\t\t\t\t\t\t\t\t\t\t\t<img decoding=\"async\" width=\"800\" height=\"545\" src=\"https:\/\/marcellotunasi.org\/wp-content\/uploads\/2025\/01\/img.png\" class=\"attachment-large size-large wp-image-1549\" alt=\"\" srcset=\"https:\/\/marcellotunasi.org\/wp-content\/uploads\/2025\/01\/img.png 940w, https:\/\/marcellotunasi.org\/wp-content\/uploads\/2025\/01\/img-300x204.png 300w, https:\/\/marcellotunasi.org\/wp-content\/uploads\/2025\/01\/img-768x523.png 768w, https:\/\/marcellotunasi.org\/wp-content\/uploads\/2025\/01\/img-474x324.png 474w, https:\/\/marcellotunasi.org\/wp-content\/uploads\/2025\/01\/img-18x12.png 18w\" sizes=\"(max-width: 800px) 100vw, 800px\" \/>\t\t\t\t\t\t\t\t\t\t\t\t\t\t\t<\/div>\n\t\t\t\t<\/div>\n\t\t\t\t\t<\/div>\n\t\t<\/div>\n\t\t\t\t<div class=\"elementor-column elementor-col-50 elementor-top-column elementor-element elementor-element-4f8ceec\" data-id=\"4f8ceec\" data-element_type=\"column\">\n\t\t\t<div class=\"elementor-widget-wrap elementor-element-populated\">\n\t\t\t\t\t\t<div class=\"elementor-element elementor-element-2fc3c55 elementor-widget elementor-widget-spacer\" data-id=\"2fc3c55\" data-element_type=\"widget\" data-widget_type=\"spacer.default\">\n\t\t\t\t<div class=\"elementor-widget-container\">\n\t\t\t\t\t\t\t<div class=\"elementor-spacer\">\n\t\t\t<div class=\"elementor-spacer-inner\"><\/div>\n\t\t<\/div>\n\t\t\t\t\t\t<\/div>\n\t\t\t\t<\/div>\n\t\t\t\t<div class=\"elementor-element elementor-element-3be6f8b elementor-widget-divider--view-line elementor-widget elementor-widget-divider\" data-id=\"3be6f8b\" data-element_type=\"widget\" data-widget_type=\"divider.default\">\n\t\t\t\t<div class=\"elementor-widget-container\">\n\t\t\t\t\t\t\t<div class=\"elementor-divider\">\n\t\t\t<span class=\"elementor-divider-separator\">\n\t\t\t\t\t\t<\/span>\n\t\t<\/div>\n\t\t\t\t\t\t<\/div>\n\t\t\t\t<\/div>\n\t\t\t\t<div class=\"elementor-element elementor-element-dc6251f elementor-widget elementor-widget-text-editor\" data-id=\"dc6251f\" data-element_type=\"widget\" data-widget_type=\"text-editor.default\">\n\t\t\t\t<div class=\"elementor-widget-container\">\n\t\t\t\t\t\t\t\t\t<p>He is also the founder of Marcello Tunasi Ministries (MT), Compassion Nucleus International (NCI), the Compassion Orphanage and the Compassion Ministry School which trains missionaries.<\/p><p>His pastoral ministry is complemented by that of author-composer and interpreter of numerous spiritual hymns, director of theatrical plays with the HIS (humour, intelligence, wisdom) theatre and film company<\/p><p>Marcello Jeremie Tunasi is also the author and editor of several books: \"Discover and experience your presence\", \"Strategies for dealing with temptation\", \"500 words of wisdom\", \"The secret of the Secret Place. From Go, Hide to Go, Show\", \"The Way of True Forgiveness\". And soon \"Bone of my bones, Flesh of the flesh. Choosing with God\" and \"Overcoming the spirit of divorce\".<\/p>\t\t\t\t\t\t\t\t<\/div>\n\t\t\t\t<\/div>\n\t\t\t\t\t<\/div>\n\t\t<\/div>\n\t\t\t\t\t<\/div>\n\t\t<\/section>\n\t\t\t\t<section class=\"elementor-section elementor-top-section elementor-element elementor-element-6220936 elementor-hidden-tablet elementor-section-boxed elementor-section-height-default elementor-section-height-default\" data-id=\"6220936\" data-element_type=\"section\" data-settings=\"{&quot;background_background&quot;:&quot;classic&quot;}\">\n\t\t\t\t\t\t\t<div class=\"elementor-background-overlay\"><\/div>\n\t\t\t\t\t\t\t<div class=\"elementor-container elementor-column-gap-wider\">\n\t\t\t\t\t<div class=\"elementor-column elementor-col-100 elementor-top-column elementor-element elementor-element-21a66042\" data-id=\"21a66042\" data-element_type=\"column\" data-settings=\"{&quot;background_background&quot;:&quot;classic&quot;}\">\n\t\t\t<div class=\"elementor-widget-wrap elementor-element-populated\">\n\t\t\t\t\t\t<div class=\"elementor-element elementor-element-7b6d9ba elementor-widget elementor-widget-text-editor\" data-id=\"7b6d9ba\" data-element_type=\"widget\" data-widget_type=\"text-editor.default\">\n\t\t\t\t<div class=\"elementor-widget-container\">\n\t\t\t\t\t\t\t\t\t<p>He is also the author, composer and performer of several spiritual hymns and director of plays performed by the HIS (Humour, Intelligence, Wisdom) theatre and film company.<br \/>Enfin, ce serviteur de Dieu est l\u2019auteur et l\u2019\u00e9diteur de plusieurs livres.<\/p>\t\t\t\t\t\t\t\t<\/div>\n\t\t\t\t<\/div>\n\t\t\t\t\t<\/div>\n\t\t<\/div>\n\t\t\t\t\t<\/div>\n\t\t<\/section>\n\t\t\t\t<section class=\"elementor-section elementor-top-section elementor-element elementor-element-c194f58 elementor-section-full_width elementor-section-stretched elementor-hidden-desktop elementor-section-height-default elementor-section-height-default\" data-id=\"c194f58\" data-element_type=\"section\" data-settings=\"{&quot;stretch_section&quot;:&quot;section-stretched&quot;}\">\n\t\t\t\t\t\t<div class=\"elementor-container elementor-column-gap-no\">\n\t\t\t\t\t<div class=\"elementor-column elementor-col-100 elementor-top-column elementor-element elementor-element-9721061\" data-id=\"9721061\" data-element_type=\"column\">\n\t\t\t<div class=\"elementor-widget-wrap elementor-element-populated\">\n\t\t\t\t\t\t<div class=\"elementor-element elementor-element-dfe7f41 elementor-widget elementor-widget-video\" data-id=\"dfe7f41\" data-element_type=\"widget\" data-settings=\"{&quot;video_type&quot;:&quot;hosted&quot;,&quot;controls&quot;:&quot;yes&quot;}\" data-widget_type=\"video.default\">\n\t\t\t\t<div class=\"elementor-widget-container\">\n\t\t\t\t\t\t\t<div class=\"e-hosted-video elementor-wrapper elementor-open-inline\">\n\t\t\t\t\t<video class=\"elementor-video\" src=\"https:\/\/marcellotunasi.org\/wp-content\/uploads\/2021\/07\/85250382_229645784721648_2492811547938840594_n.mp4\" controls=\"\" preload=\"metadata\" controlslist=\"nodownload\"><\/video>\n\t\t\t\t<\/div>\n\t\t\t\t\t\t<\/div>\n\t\t\t\t<\/div>\n\t\t\t\t\t<\/div>\n\t\t<\/div>\n\t\t\t\t\t<\/div>\n\t\t<\/section>\n\t\t\t\t<section class=\"elementor-section elementor-top-section elementor-element elementor-element-814b00c elementor-hidden-tablet elementor-hidden-phone elementor-section-boxed elementor-section-height-default elementor-section-height-default\" data-id=\"814b00c\" data-element_type=\"section\" data-settings=\"{&quot;background_background&quot;:&quot;video&quot;,&quot;background_video_link&quot;:&quot;https:\\\/\\\/marcellotunasi.org\\\/wp-content\\\/uploads\\\/2021\\\/07\\\/85250382_229645784721648_2492811547938840594_n.mp4&quot;}\">\n\t\t\t\t\t\t\t\t<div class=\"elementor-background-video-container elementor-hidden-mobile\">\n\t\t\t\t\t\t\t\t\t\t\t\t\t<video class=\"elementor-background-video-hosted\" autoplay muted playsinline loop><\/video>\n\t\t\t\t\t\t\t\t\t\t\t<\/div>\n\t\t\t\t\t\t\t\t<div class=\"elementor-container elementor-column-gap-default\">\n\t\t\t\t\t<div class=\"elementor-column elementor-col-100 elementor-top-column elementor-element elementor-element-b860892\" data-id=\"b860892\" data-element_type=\"column\">\n\t\t\t<div class=\"elementor-widget-wrap elementor-element-populated\">\n\t\t\t\t\t\t<div class=\"elementor-element elementor-element-a44f813 elementor-widget elementor-widget-spacer\" data-id=\"a44f813\" data-element_type=\"widget\" data-widget_type=\"spacer.default\">\n\t\t\t\t<div class=\"elementor-widget-container\">\n\t\t\t\t\t\t\t<div class=\"elementor-spacer\">\n\t\t\t<div class=\"elementor-spacer-inner\"><\/div>\n\t\t<\/div>\n\t\t\t\t\t\t<\/div>\n\t\t\t\t<\/div>\n\t\t\t\t\t<\/div>\n\t\t<\/div>\n\t\t\t\t\t<\/div>\n\t\t<\/section>\n\t\t\t\t<section class=\"elementor-section elementor-top-section elementor-element elementor-element-1dccb76f elementor-section-full_width elementor-section-height-default elementor-section-height-default\" data-id=\"1dccb76f\" data-element_type=\"section\" data-settings=\"{&quot;background_background&quot;:&quot;classic&quot;}\">\n\t\t\t\t\t\t\t<div class=\"elementor-background-overlay\"><\/div>\n\t\t\t\t\t\t\t<div class=\"elementor-container elementor-column-gap-default\">\n\t\t\t\t\t<div class=\"elementor-column elementor-col-100 elementor-top-column elementor-element elementor-element-ebfa5aa\" data-id=\"ebfa5aa\" data-element_type=\"column\">\n\t\t\t<div class=\"elementor-widget-wrap elementor-element-populated\">\n\t\t\t\t\t\t<section class=\"elementor-section elementor-inner-section elementor-element elementor-element-7a1f2599 elementor-section-boxed elementor-section-height-default elementor-section-height-default\" data-id=\"7a1f2599\" data-element_type=\"section\">\n\t\t\t\t\t\t<div class=\"elementor-container elementor-column-gap-default\">\n\t\t\t\t\t<div class=\"elementor-column elementor-col-100 elementor-inner-column elementor-element elementor-element-45c1e122\" data-id=\"45c1e122\" data-element_type=\"column\">\n\t\t\t<div class=\"elementor-widget-wrap elementor-element-populated\">\n\t\t\t\t\t\t<div class=\"elementor-element elementor-element-188aaf03 elementor-widget-divider--view-line elementor-widget elementor-widget-divider\" data-id=\"188aaf03\" data-element_type=\"widget\" data-widget_type=\"divider.default\">\n\t\t\t\t<div class=\"elementor-widget-container\">\n\t\t\t\t\t\t\t<div class=\"elementor-divider\">\n\t\t\t<span class=\"elementor-divider-separator\">\n\t\t\t\t\t\t<\/span>\n\t\t<\/div>\n\t\t\t\t\t\t<\/div>\n\t\t\t\t<\/div>\n\t\t\t\t<div class=\"elementor-element elementor-element-9634451 elementor-widget elementor-widget-heading\" data-id=\"9634451\" data-element_type=\"widget\" data-widget_type=\"heading.default\">\n\t\t\t\t<div class=\"elementor-widget-container\">\n\t\t\t\t\t<h2 class=\"elementor-heading-title elementor-size-default\">Pastor Marcello J. Tunasi knows more than anything else the imperative of seeing Jesus Christ in the most humble and miserable of men. All the projects he is carrying out are nourished by this unequivocal message of Jesus in Matthew 25:35-40. This Word acts as a revelator when he decides, in October 2019, to concretise the vision that God had placed in his heart and the promise he had made to him even before the beginning of his Ministry. The orphanage La Compassion is a reception centre for abandoned children and orphans in the city of Kinshasa. A centre that today offers excellence to the children who have been welcomed and cared for for two years. An orphanage to enable them to achieve success, a better life and to become aware that they have an inestimable value in the eyes of God.\nThis project is open to the general public, which will allow you to participate in its realization and its functioning.\n\nThis word of the Gospel, like the one declared in the Book of Isaiah 55:1, is also revealing when, in the midst of the announcement of confinement made by the government of his country, the DRC, he created a Boutique du Coeur to enable the needy to obtain free foodstuffs in particular. Today, this Boutique still distributes the foodstuffs that generous donors send from all over the world. We thank them and bless them abundantly!<\/h2>\t\t\t\t<\/div>\n\t\t\t\t<\/div>\n\t\t\t\t\t<\/div>\n\t\t<\/div>\n\t\t\t\t\t<\/div>\n\t\t<\/section>\n\t\t\t\t<div class=\"elementor-element elementor-element-8fea626 elementor-mobile-align-center elementor-tablet-align-center elementor-widget elementor-widget-button\" data-id=\"8fea626\" data-element_type=\"widget\" data-settings=\"{&quot;_animation_tablet&quot;:&quot;none&quot;}\" data-widget_type=\"button.default\">\n\t\t\t\t<div class=\"elementor-widget-container\">\n\t\t\t\t\t\t\t\t\t<div class=\"elementor-button-wrapper\">\n\t\t\t\t\t<a class=\"elementor-button elementor-button-link elementor-size-sm\" href=\"https:\/\/marcellotunasi.org\/en\/orphelinat\/\">\n\t\t\t\t\t\t<span class=\"elementor-button-content-wrapper\">\n\t\t\t\t\t\t<span class=\"elementor-button-icon\">\n\t\t\t\t<i aria-hidden=\"true\" class=\"fas fa-angle-right\"><\/i>\t\t\t<\/span>\n\t\t\t\t\t\t\t\t\t<span class=\"elementor-button-text\">Read more<\/span>\n\t\t\t\t\t<\/span>\n\t\t\t\t\t<\/a>\n\t\t\t\t<\/div>\n\t\t\t\t\t\t\t\t<\/div>\n\t\t\t\t<\/div>\n\t\t\t\t\t<\/div>\n\t\t<\/div>\n\t\t\t\t\t<\/div>\n\t\t<\/section>\n\t\t\t\t<\/div>","protected":false},"excerpt":{"rendered":"<p>Pasteur Marcello Tunasi Fondateur et Pasteur Principal de la communaut\u00e9 C.R.E.F.M Biographie Marcello J\u00e9r\u00e9mie TUNASI s\u2019est converti en 1990 suite \u00e0 une apparition de J\u00e9sus-Christ. C\u2019est en 1996 qu\u2019il re\u00e7oit son Appel au Minist\u00e8re. En 1998, il devient le Pasteur principal de l\u2019\u00e9glise La Compassion situ\u00e9e \u00e0 Kinshasa, en R\u00e9publique D\u00e9mocratique du Congo. En 2009, [&hellip;]<\/p>\n","protected":false},"author":1,"featured_media":0,"parent":0,"menu_order":0,"comment_status":"closed","ping_status":"closed","template":"elementor_header_footer","meta":{"footnotes":""},"_links":{"self":[{"href":"https:\/\/marcellotunasi.org\/en\/wp-json\/wp\/v2\/pages\/121"}],"collection":[{"href":"https:\/\/marcellotunasi.org\/en\/wp-json\/wp\/v2\/pages"}],"about":[{"href":"https:\/\/marcellotunasi.org\/en\/wp-json\/wp\/v2\/types\/page"}],"author":[{"embeddable":true,"href":"https:\/\/marcellotunasi.org\/en\/wp-json\/wp\/v2\/users\/1"}],"replies":[{"embeddable":true,"href":"https:\/\/marcellotunasi.org\/en\/wp-json\/wp\/v2\/comments?post=121"}],"version-history":[{"count":12,"href":"https:\/\/marcellotunasi.org\/en\/wp-json\/wp\/v2\/pages\/121\/revisions"}],"predecessor-version":[{"id":1552,"href":"https:\/\/marcellotunasi.org\/en\/wp-json\/wp\/v2\/pages\/121\/revisions\/1552"}],"wp:attachment":[{"href":"https:\/\/marcellotunasi.org\/en\/wp-json\/wp\/v2\/media?parent=121"}],"curies":[{"name":"wp","href":"https:\/\/api.w.org\/{rel}","templated":true}]}}